{"id":114,"date":"2017-04-29T12:31:38","date_gmt":"2017-04-29T10:31:38","guid":{"rendered":"https:\/\/karaibynaniby.pl\/?page_id=114"},"modified":"2017-05-25T08:11:58","modified_gmt":"2017-05-25T06:11:58","slug":"strefa-relaksu","status":"publish","type":"page","link":"https:\/\/karaibynaniby.pl\/index.php\/strefa-relaksu\/","title":{"rendered":"STREFA RELAKSU"},"content":{"rendered":"<p>[et_pb_section admin_label=&#8221;Sekcja&#8221; fullwidth=&#8221;off&#8221; specialty=&#8221;off&#8221; background_image=&#8221;https:\/\/karaibynaniby.pl\/wp-content\/uploads\/2017\/04\/beach-1921598_1920.jpg&#8221; transparent_background=&#8221;off&#8221; allow_player_pause=&#8221;off&#8221; inner_shadow=&#8221;on&#8221; parallax=&#8221;on&#8221; parallax_method=&#8221;off&#8221; make_fullwidth=&#8221;off&#8221; use_custom_width=&#8221;off&#8221; width_unit=&#8221;on&#8221; make_equal=&#8221;off&#8221; use_custom_gutter=&#8221;off&#8221;][et_pb_row admin_label=&#8221;Wiersz&#8221;][et_pb_column type=&#8221;4_4&#8243;][et_pb_divider admin_label=&#8221;Separator&#8221; color=&#8221;#ffffff&#8221; show_divider=&#8221;off&#8221; height=&#8221;50&#8243; divider_style=&#8221;solid&#8221; divider_position=&#8221;top&#8221; hide_on_mobile=&#8221;on&#8221;] [\/et_pb_divider][et_pb_text admin_label=&#8221;Tekst&#8221; background_layout=&#8221;light&#8221; text_orientation=&#8221;left&#8221; use_border_color=&#8221;off&#8221; border_color=&#8221;#ffffff&#8221; border_style=&#8221;solid&#8221; text_text_color=&#8221;#ffffff&#8221; text_font_size=&#8221;20&#8243;]<\/p>\n<p><strong>Chcesz odpo\u00adcz\u0105\u0107 po tru\u00addach dnia? A\u00a0mo\u017ce po pro\u00adstu tro\u00adch\u0119 pole\u00adniu\u00adcho\u00adwa\u0107? W\u00a0takim razie zapra\u00adszamy do Buca\u00adnero. Do dys\u00adpo\u00adzy\u00adcji Go\u015bci odda\u00adjemy stref\u0119 relaksu, a\u00a0w\u00a0niej pry\u00adwatn\u0105 pla\u017c\u0119 wypo\u00adsa\u00ad\u017con\u0105 w\u00a0le\u017caki, hu\u015b\u00adtawki i hamaki. Zapo\u00admnisz, \u017ce jeste\u00ad\u015b w\u00a0mie\u00ad\u015bcie i poczujesz prawdziwy, nadmor\u00adski kli\u00admat. Je\u015bli jesz\u00adcze dodamy do tego egzo\u00adtyczny drink z\u00a0palemk\u0105, wychodzi relaks na wy\u017c\u00adszym pozio\u00admie. \ud83d\ude42\u00a0<\/strong><\/p>\n<p>[\/et_pb_text][et_pb_divider admin_label=&#8221;Separator&#8221; color=&#8221;#ffffff&#8221; show_divider=&#8221;off&#8221; height=&#8221;50&#8243; divider_style=&#8221;solid&#8221; divider_position=&#8221;top&#8221; hide_on_mobile=&#8221;on&#8221;] [\/et_pb_divider][\/et_pb_column][\/et_pb_row][\/et_pb_section][et_pb_section admin_label=&#8221;Sekcja&#8221; global_module=&#8221;94&#8243; fullwidth=&#8221;off&#8221; specialty=&#8221;off&#8221; transparent_background=&#8221;off&#8221; background_color=&#8221;rgba(0,155,53,0.86)&#8221; allow_player_pause=&#8221;off&#8221; inner_shadow=&#8221;off&#8221; parallax=&#8221;off&#8221; parallax_method=&#8221;off&#8221; make_fullwidth=&#8221;off&#8221; use_custom_width=&#8221;off&#8221; width_unit=&#8221;on&#8221; make_equal=&#8221;off&#8221; use_custom_gutter=&#8221;off&#8221;][et_pb_row global_parent=&#8221;94&#8243; admin_label=&#8221;Wiersz&#8221;][et_pb_column type=&#8221;1_3&#8243;][et_pb_image global_parent=&#8221;94&#8243; admin_label=&#8221;Obraz&#8221; src=&#8221;https:\/\/karaibynaniby.pl\/wp-content\/uploads\/2017\/04\/passion-fruit-daiquiri-906099_1920.jpg&#8221; show_in_lightbox=&#8221;off&#8221; url_new_window=&#8221;off&#8221; use_overlay=&#8221;off&#8221; animation=&#8221;left&#8221; sticky=&#8221;off&#8221; align=&#8221;center&#8221; force_fullwidth=&#8221;off&#8221; always_center_on_mobile=&#8221;on&#8221; use_border_color=&#8221;off&#8221; border_color=&#8221;#ffffff&#8221; border_style=&#8221;solid&#8221;] [\/et_pb_image][\/et_pb_column][et_pb_column type=&#8221;1_3&#8243;][et_pb_text global_parent=&#8221;94&#8243; admin_label=&#8221;Tekst&#8221; background_layout=&#8221;light&#8221; text_orientation=&#8221;center&#8221; header_text_color=&#8221;#ffffff&#8221; use_border_color=&#8221;off&#8221; border_color=&#8221;#ffffff&#8221; border_style=&#8221;solid&#8221; text_text_color=&#8221;#ffffff&#8221; custom_css_main_element=&#8221;margn-top: 10%;&#8221;]<\/p>\n<p style=\"text-align: center;\"><span style=\"color: #ffffff;\"><strong>HOME<br \/>\nSTREFA BISTO<br \/>\nSTREFA TRUNK\u00d3W<br \/>\nSTREFA RELAKSU<br \/>\nSTREFA IMPREZOWA<br \/>\nSTREFA KONTAKTU<br \/>\nSTREFA FOTO<\/strong><\/span><\/p>\n<p>[\/et_pb_text][\/et_pb_column][et_pb_column type=&#8221;1_3&#8243;][et_pb_text global_parent=&#8221;94&#8243; admin_label=&#8221;Tekst&#8221; background_layout=&#8221;light&#8221; text_orientation=&#8221;left&#8221; text_text_color=&#8221;#ffffff&#8221; use_border_color=&#8221;off&#8221; border_color=&#8221;#ffffff&#8221; border_style=&#8221;solid&#8221;]<\/p>\n<p>Znajduje si\u0119 tutaj strefa s\u0142onecznego relaksu z piaskiem, le\u017cakami, hamakami oraz hu\u015btaw-kami barowymi. Jest to miejsce, w kt\u00f3rym ka\u017cdy znajdzie co\u015b dla siebie a w ofercie mamy egzotyczne drinki, cydr i piwo prosto z beczki oraz aromatyczn\u0105 kaw\u0119. Gdyby kto\u015b zg\u0142odnia\u0142 mo\u017ce wybra\u0107 dania kuchni greckiej: gyros, tortill\u0119 czy sa\u0142atki \u015br\u00f3dziemnomorskie. Natomiast w weekendy serwowa\u0107 b\u0119dziemy w\u0119dzon\u0105 ryb\u0119 na ciep\u0142o, wprost z naszej w\u0119dzarni.<\/p>\n<p>[\/et_pb_text][\/et_pb_column][\/et_pb_row][\/et_pb_section]<\/p>\n","protected":false},"excerpt":{"rendered":"<p>Chcesz odpo\u00adcz\u0105\u0107 po tru\u00addach dnia? A\u00a0mo\u017ce po pro\u00adstu tro\u00adch\u0119 pole\u00adniu\u00adcho\u00adwa\u0107? W\u00a0takim razie zapra\u00adszamy do Buca\u00adnero. Do dys\u00adpo\u00adzy\u00adcji Go\u015bci odda\u00adjemy stref\u0119 relaksu, a\u00a0w\u00a0niej pry\u00adwatn\u0105 pla\u017c\u0119 wypo\u00adsa\u00ad\u017con\u0105 w\u00a0le\u017caki, hu\u015b\u00adtawki i hamaki. Zapo\u00admnisz, \u017ce jeste\u00ad\u015b w\u00a0mie\u00ad\u015bcie i poczujesz prawdziwy, nadmor\u00adski kli\u00admat. Je\u015bli jesz\u00adcze dodamy do tego egzo\u00adtyczny drink z\u00a0palemk\u0105, wychodzi relaks na wy\u017c\u00adszym pozio\u00admie. \ud83d\ude42\u00a0 HOME STREFA BISTO [&hellip;]<\/p>\n","protected":false},"author":1,"featured_media":0,"parent":0,"menu_order":0,"comment_status":"closed","ping_status":"closed","template":"","meta":{"_et_pb_use_builder":"on","_et_pb_old_content":"","_et_gb_content_width":""},"_links":{"self":[{"href":"https:\/\/karaibynaniby.pl\/index.php\/wp-json\/wp\/v2\/pages\/114"}],"collection":[{"href":"https:\/\/karaibynaniby.pl\/index.php\/wp-json\/wp\/v2\/pages"}],"about":[{"href":"https:\/\/karaibynaniby.pl\/index.php\/wp-json\/wp\/v2\/types\/page"}],"author":[{"embeddable":true,"href":"https:\/\/karaibynaniby.pl\/index.php\/wp-json\/wp\/v2\/users\/1"}],"replies":[{"embeddable":true,"href":"https:\/\/karaibynaniby.pl\/index.php\/wp-json\/wp\/v2\/comments?post=114"}],"version-history":[{"count":13,"href":"https:\/\/karaibynaniby.pl\/index.php\/wp-json\/wp\/v2\/pages\/114\/revisions"}],"predecessor-version":[{"id":123,"href":"https:\/\/karaibynaniby.pl\/index.php\/wp-json\/wp\/v2\/pages\/114\/revisions\/123"}],"wp:attachment":[{"href":"https:\/\/karaibynaniby.pl\/index.php\/wp-json\/wp\/v2\/media?parent=114"}],"curies":[{"name":"wp","href":"https:\/\/api.w.org\/{rel}","templated":true}]}}