{"id":137,"date":"2017-04-29T12:55:18","date_gmt":"2017-04-29T10:55:18","guid":{"rendered":"https:\/\/karaibynaniby.pl\/?page_id=137"},"modified":"2019-05-30T13:02:37","modified_gmt":"2019-05-30T11:02:37","slug":"strefa-kontaktu","status":"publish","type":"page","link":"https:\/\/karaibynaniby.pl\/index.php\/strefa-kontaktu\/","title":{"rendered":"STREFA KONTAKTU"},"content":{"rendered":"<p>[et_pb_section fb_built=&#8221;1&#8243; fullwidth=&#8221;on&#8221; admin_label=&#8221;Sekcja&#8221; _builder_version=&#8221;3.0.47&#8243;][et_pb_fullwidth_header title=&#8221;STREFA KONTAKTU&#8221; text_orientation=&#8221;center&#8221; header_fullscreen=&#8221;on&#8221; header_scroll_down=&#8221;on&#8221; title_font_color=&#8221;#ffeb00&#8243; admin_label=&#8221;Nag\u0142\u00f3wek pe\u0142nej szeroko\u015bci&#8221; _builder_version=&#8221;3.2&#8243; title_font=&#8221;|on|||&#8221; title_text_color=&#8221;#ffeb00&#8243; background_color=&#8221;rgba(255, 255, 255, 0)&#8221; background_image=&#8221;https:\/\/karaibynaniby.pl\/wp-content\/uploads\/2017\/04\/sea-1868945_1920.jpg&#8221; parallax=&#8221;on&#8221; background_layout=&#8221;light&#8221; background_url=&#8221;https:\/\/karaibynaniby.pl\/wp-content\/uploads\/2017\/04\/sea-1868945_1920.jpg&#8221;] [\/et_pb_fullwidth_header][\/et_pb_section][et_pb_section fb_built=&#8221;1&#8243; admin_label=&#8221;Sekcja&#8221; _builder_version=&#8221;3.0.47&#8243;][et_pb_row admin_label=&#8221;Wiersz&#8221; _builder_version=&#8221;3.0.48&#8243; background_size=&#8221;initial&#8221; background_position=&#8221;top_left&#8221; background_repeat=&#8221;repeat&#8221;][et_pb_column type=&#8221;1_3&#8243; _builder_version=&#8221;3.0.47&#8243; parallax=&#8221;off&#8221; parallax_method=&#8221;on&#8221;][et_pb_image src=&#8221;https:\/\/karaibynaniby.pl\/wp-content\/uploads\/2017\/04\/Bucanero-logo-czarne.jpg&#8221; admin_label=&#8221;Obraz&#8221; _builder_version=&#8221;3.0.87&#8243; animation_style=&#8221;slide&#8221; animation_direction=&#8221;left&#8221; animation_duration=&#8221;500ms&#8221; animation_intensity_slide=&#8221;10%&#8221; use_border_color=&#8221;off&#8221; border_color=&#8221;#ffffff&#8221; border_style=&#8221;solid&#8221; animation=&#8221;left&#8221; sticky=&#8221;off&#8221;] [\/et_pb_image][\/et_pb_column][et_pb_column type=&#8221;1_3&#8243; _builder_version=&#8221;3.0.47&#8243; parallax=&#8221;off&#8221; parallax_method=&#8221;on&#8221;][et_pb_blurb title=&#8221;Bucanero Karaiby na Niby&#8221; admin_label=&#8221;Notka&#8221; _builder_version=&#8221;3.14&#8243; header_font=&#8221;|on|||&#8221; header_text_color=&#8221;#009b35&#8243; background_size=&#8221;initial&#8221; background_position=&#8221;top_left&#8221; background_repeat=&#8221;repeat&#8221; text_orientation=&#8221;center&#8221; custom_css_main_element=&#8221;margin-top: 25%;&#8221; use_border_color=&#8221;off&#8221; border_color=&#8221;#ffffff&#8221; border_style=&#8221;solid&#8221;]<strong><\/p>\n<p>projekt zarz\u0105dzany przez Event &#038; Catering Factory sp. z o.o.<br \/>\nz siedzib\u0105 we Wroc\u0142awiu przy ul. Zakrzowskiej 19A<\/strong><\/p>\n<p>&nbsp;[\/et_pb_blurb][\/et_pb_column][et_pb_column type=&#8221;1_3&#8243; _builder_version=&#8221;3.0.47&#8243; parallax=&#8221;off&#8221; parallax_method=&#8221;on&#8221;][et_pb_blurb title=&#8221;KONTAKT&#8221; admin_label=&#8221;Notka&#8221; _builder_version=&#8221;3.0.87&#8243; header_font=&#8221;|on|||&#8221; header_text_color=&#8221;#009b35&#8243; background_size=&#8221;initial&#8221; background_position=&#8221;top_left&#8221; background_repeat=&#8221;repeat&#8221; text_orientation=&#8221;center&#8221; custom_css_main_element=&#8221;margin-top: 25%;&#8221; use_border_color=&#8221;off&#8221; border_color=&#8221;#ffffff&#8221; border_style=&#8221;solid&#8221;]<\/p>\n<p style=\"text-align: center;\"><strong>Tel. 666 10 68 68<br \/>\n<\/strong><strong>E-mail: biuro@karaibynaniby.pl<br \/>\n<\/strong><strong>Fan page:\u00a0<a href=\"https:\/\/www.facebook.com\/Karaibynaniby-413854818998112\/\">Karaibynaniby<\/a><\/strong><\/p>\n<p>[\/et_pb_blurb][\/et_pb_column][\/et_pb_row][et_pb_row admin_label=&#8221;Wiersz&#8221; _builder_version=&#8221;3.0.48&#8243; background_size=&#8221;initial&#8221; background_position=&#8221;top_left&#8221; background_repeat=&#8221;repeat&#8221;][et_pb_column type=&#8221;4_4&#8243; _builder_version=&#8221;3.0.47&#8243; parallax=&#8221;off&#8221; parallax_method=&#8221;on&#8221;][et_pb_contact_form admin_label=&#8221;Formularz kontaktowy&#8221; module_id=&#8221;et_pb_contact_form_0&#8243; _builder_version=&#8221;3.14&#8243; border_radii=&#8221;on|0px|0px|0px|0px&#8221; border_width_all=&#8221;1px&#8221; border_color_all=&#8221;#009b35&#8243; border_style_all=&#8221;solid&#8221; custom_button=&#8221;on&#8221; button_text_color=&#8221;#ffffff&#8221; button_bg_color=&#8221;#009b35&#8243; button_border_width=&#8221;0&#8243; button_border_color=&#8221;#009b35&#8243; button_use_icon=&#8221;default&#8221; button_icon_color=&#8221;#ffffff&#8221; button_text_color_hover=&#8221;#ffffff&#8221; button_bg_color_hover=&#8221;#009b35&#8243; button_border_color_hover=&#8221;#009b35&#8243; use_border_color=&#8221;on&#8221; border_color=&#8221;#009b35&#8243; border_style=&#8221;solid&#8221; input_border_radius=&#8221;0&#8243; email=&#8221;biuro@karaibynaniby.pl&#8221;][et_pb_contact_field field_id=&#8221;Name&#8221; field_title=&#8221;Imi\u0119&#8221; fullwidth_field=&#8221;on&#8221; _builder_version=&#8221;3.0.87&#8243; form_field_font=&#8221;||||&#8221; border_radii=&#8221;on||||&#8221; use_border_color=&#8221;off&#8221; border_style=&#8221;solid&#8221;] [\/et_pb_contact_field][et_pb_contact_field field_id=&#8221;Email&#8221; field_title=&#8221;Adres e-mail&#8221; field_type=&#8221;email&#8221; fullwidth_field=&#8221;on&#8221; _builder_version=&#8221;3.0.87&#8243; form_field_font=&#8221;||||&#8221; border_radii=&#8221;on||||&#8221; use_border_color=&#8221;off&#8221; border_style=&#8221;solid&#8221;] [\/et_pb_contact_field][et_pb_contact_field field_id=&#8221;Message&#8221; field_title=&#8221;Tre\u015b\u0107 wiadomo\u015bci&#8221; field_type=&#8221;text&#8221; fullwidth_field=&#8221;on&#8221; _builder_version=&#8221;3.0.87&#8243; form_field_font=&#8221;||||&#8221; border_radii=&#8221;on||||&#8221; use_border_color=&#8221;off&#8221; border_style=&#8221;solid&#8221;] [\/et_pb_contact_field][\/et_pb_contact_form][\/et_pb_column][\/et_pb_row][\/et_pb_section][et_pb_section fb_built=&#8221;1&#8243; fullwidth=&#8221;on&#8221; admin_label=&#8221;Sekcja&#8221; _builder_version=&#8221;3.0.47&#8243;][et_pb_fullwidth_code admin_label=&#8221;Kod w pe\u0142nej szeroko\u015bci&#8221; _builder_version=&#8221;3.0.47&#8243;]&lt;iframe src=&quot;https:\/\/www.google.com\/maps\/embed?pb=!1m18!1m12!1m3!1d2505.2582005246345!2d17.08102266990872!3d51.10369614103061!2m3!1f0!2f0!3f0!3m2!1i1024!2i768!4f13.1!3m3!1m2!1s0x470fc29e2e827775%3A0x52721184d4ae4041!2zV3LDs2JsZXdza2llZ28gOSwgV3JvY8WCYXc!5e0!3m2!1spl!2spl!4v1495549010954&quot; width=&quot;100%&quot; height=&quot;450&quot; frameborder=&quot;0&quot; style=&quot;border:0&quot; allowfullscreen&gt;&lt;\/iframe&gt;[\/et_pb_fullwidth_code][\/et_pb_section]<\/p>\n","protected":false},"excerpt":{"rendered":"<p>projekt zarz\u0105dzany przez Event &#038; Catering Factory sp. z o.o. z siedzib\u0105 we Wroc\u0142awiu przy ul. Zakrzowskiej 19A &nbsp;Tel. 666 10 68 68 E-mail: biuro@karaibynaniby.pl Fan page:\u00a0Karaibynaniby<\/p>\n","protected":false},"author":1,"featured_media":0,"parent":0,"menu_order":0,"comment_status":"closed","ping_status":"closed","template":"","meta":{"_et_pb_use_builder":"on","_et_pb_old_content":"","_et_gb_content_width":""},"_links":{"self":[{"href":"https:\/\/karaibynaniby.pl\/index.php\/wp-json\/wp\/v2\/pages\/137"}],"collection":[{"href":"https:\/\/karaibynaniby.pl\/index.php\/wp-json\/wp\/v2\/pages"}],"about":[{"href":"https:\/\/karaibynaniby.pl\/index.php\/wp-json\/wp\/v2\/types\/page"}],"author":[{"embeddable":true,"href":"https:\/\/karaibynaniby.pl\/index.php\/wp-json\/wp\/v2\/users\/1"}],"replies":[{"embeddable":true,"href":"https:\/\/karaibynaniby.pl\/index.php\/wp-json\/wp\/v2\/comments?post=137"}],"version-history":[{"count":22,"href":"https:\/\/karaibynaniby.pl\/index.php\/wp-json\/wp\/v2\/pages\/137\/revisions"}],"predecessor-version":[{"id":324,"href":"https:\/\/karaibynaniby.pl\/index.php\/wp-json\/wp\/v2\/pages\/137\/revisions\/324"}],"wp:attachment":[{"href":"https:\/\/karaibynaniby.pl\/index.php\/wp-json\/wp\/v2\/media?parent=137"}],"curies":[{"name":"wp","href":"https:\/\/api.w.org\/{rel}","templated":true}]}}