{"id":2,"date":"2017-04-28T10:03:47","date_gmt":"2017-04-28T08:03:47","guid":{"rendered":"https:\/\/karaibynaniby.pl\/?page_id=2"},"modified":"2019-05-28T13:45:42","modified_gmt":"2019-05-28T11:45:42","slug":"przykladowa-strona","status":"publish","type":"page","link":"https:\/\/karaibynaniby.pl\/","title":{"rendered":"HOME"},"content":{"rendered":"<p>[et_pb_section bb_built=&#8221;1&#8243; fullwidth=&#8221;on&#8221; _builder_version=&#8221;3.0.47&#8243; next_background_color=&#8221;#000000&#8243;][et_pb_fullwidth_header title=&#8221;Twoja Karaibska strefa relaksu we Wroc\u0142awiu&#8221; text_orientation=&#8221;center&#8221; header_fullscreen=&#8221;on&#8221; header_scroll_down=&#8221;on&#8221; logo_image_url=&#8221;https:\/\/karaibynaniby.pl\/wp-content\/uploads\/2017\/04\/szyld.png&#8221; title_font_color=&#8221;#ffeb00&#8243; _builder_version=&#8221;3.2&#8243; title_font=&#8221;|on|||&#8221; title_text_color=&#8221;#ffeb00&#8243; background_color=&#8221;rgba(255, 255, 255, 0)&#8221; background_image=&#8221;https:\/\/karaibynaniby.pl\/wp-content\/uploads\/2017\/04\/beach-84631_1280.jpg&#8221; parallax=&#8221;on&#8221; background_url=&#8221;https:\/\/karaibynaniby.pl\/wp-content\/uploads\/2017\/04\/beach-84631_1280.jpg&#8221; \/][\/et_pb_section][et_pb_section bb_built=&#8221;1&#8243; _builder_version=&#8221;3.0.47&#8243; prev_background_color=&#8221;#000000&#8243; next_background_color=&#8221;rgba(0,155,53,0.86)&#8221;][et_pb_row _builder_version=&#8221;3.0.48&#8243; background_size=&#8221;initial&#8221; background_position=&#8221;top_left&#8221; background_repeat=&#8221;repeat&#8221;][et_pb_column type=&#8221;1_2&#8243;][et_pb_text _builder_version=&#8221;3.0.87&#8243; text_font_size=&#8221;16&#8243; background_size=&#8221;initial&#8221; background_position=&#8221;top_left&#8221; background_repeat=&#8221;repeat&#8221; use_border_color=&#8221;off&#8221; border_color=&#8221;#ffffff&#8221; border_style=&#8221;solid&#8221;]<\/p>\n<h1 style=\"text-align: center;\"><span style=\"color: #009b35;\"><strong>Bucanero Karaiby na niby <\/strong><\/span><\/h1>\n<p>Buca\u00adnero Kara\u00adiby na niby to nowy projekt, kt\u00f3ry powsta\u0142 dzi\u0119ki letnim inspiracjom. Wro\u00adc\u0142aw jest tak strasz\u00adnie daleko od morza\u00a0i\u00a0s\u0142o\u00adnec\u00adznych pla\u017c, a\u00a0t\u0119sk\u00adnota do tych miejsc cza\u00adsami bar\u00addzo doskwiera, dla\u00adtego te\u017c posta\u00adno\u00adwi\u00adli\u00ad\u015bmy stwo\u00adrzy\u0107 pla\u017c\u0119 na wro\u00adc\u0142awskim Biskupi\u00adnie. Znaj\u00adduje si\u0119 tutaj strefa s\u0142o\u00adnecz\u00adnego relaksu z\u00a0pia\u00adskiem, le\u017ca\u00adkami, hama\u00adkami i hu\u015b\u00adtaw\u00adkami baro\u00adwymi. Jest to miej\u00adsce, w\u00a0kt\u00f3\u00adrym ka\u017cdy znaj\u00addzie co\u015b dla sie\u00adbie. W\u00a0ofer\u00adcie mamy egzo\u00adtyczne drinki, cydr i\u00a0piwo pro\u00adsto z\u00a0beczki oraz aro\u00adma\u00adtyczn\u0105 kaw\u0119. Gdyby kto\u015b zg\u0142od\u00adnia\u0142, mo\u017ce wybra\u0107 dania kuchni grec\u00adkiej: gyros, tor\u00adtill\u0119 czy sa\u0142atki \u015br\u00f3d\u00adziem\u00adno\u00admor\u00adskie. W\u00a0week\u00adendy ser\u00adwujemy w\u0119dzon\u0105 ryb\u0119 na cie\u00adp\u0142o, wprost z\u00a0naszej w\u0119dzarni. Brzmi pysz\u00adnie? Zapra\u00adszamy! Przyjd\u017a do Bucanero Karaiby na niby, odpocz\u00adnij, zre\u00adlak\u00adsuj si\u0119\u2026<\/p>\n<p>[\/et_pb_text][\/et_pb_column][et_pb_column type=&#8221;1_2&#8243;][et_pb_gallery gallery_ids=&#8221;198,195,196,197,308,309&#8243; fullwidth=&#8221;on&#8221; _builder_version=&#8221;3.14&#8243; background_layout=&#8221;dark&#8221; auto=&#8221;on&#8221; auto_speed=&#8221;2000&#8243; use_border_color=&#8221;off&#8221; border_color=&#8221;#ffffff&#8221; border_style=&#8221;solid&#8221; zoom_icon_color=&#8221;#2ea3f2&#8243; hover_overlay_color=&#8221;rgba(255,255,255,0.9)&#8221; \/][\/et_pb_column][\/et_pb_row][\/et_pb_section][et_pb_section bb_built=&#8221;1&#8243; fullwidth=&#8221;off&#8221; specialty=&#8221;off&#8221; transparent_background=&#8221;off&#8221; background_color=&#8221;rgba(0,155,53,0.86)&#8221; allow_player_pause=&#8221;off&#8221; inner_shadow=&#8221;off&#8221; parallax=&#8221;off&#8221; parallax_method=&#8221;off&#8221; make_fullwidth=&#8221;off&#8221; use_custom_width=&#8221;off&#8221; width_unit=&#8221;on&#8221; make_equal=&#8221;off&#8221; use_custom_gutter=&#8221;off&#8221; prev_background_color=&#8221;#ffffff&#8221; global_module=&#8221;94&#8243;][et_pb_row global_parent=&#8221;94&#8243;][et_pb_column type=&#8221;1_3&#8243;][et_pb_image global_parent=&#8221;94&#8243; src=&#8221;https:\/\/karaibynaniby.pl\/wp-content\/uploads\/2017\/04\/passion-fruit-daiquiri-906099_1920.jpg&#8221; show_in_lightbox=&#8221;off&#8221; url_new_window=&#8221;off&#8221; use_overlay=&#8221;off&#8221; animation=&#8221;left&#8221; sticky=&#8221;off&#8221; align=&#8221;center&#8221; force_fullwidth=&#8221;off&#8221; always_center_on_mobile=&#8221;on&#8221; use_border_color=&#8221;off&#8221; border_color=&#8221;#ffffff&#8221; border_style=&#8221;solid&#8221; animation_style=&#8221;slide&#8221; animation_duration=&#8221;500ms&#8221; animation_intensity_slide=&#8221;10%&#8221; animation_direction=&#8221;left&#8221; show_bottom_space=&#8221;on&#8221; \/][\/et_pb_column][et_pb_column type=&#8221;1_3&#8243;][et_pb_text global_parent=&#8221;94&#8243; background_layout=&#8221;light&#8221; text_orientation=&#8221;center&#8221; header_text_color=&#8221;#ffffff&#8221; use_border_color=&#8221;off&#8221; border_color=&#8221;#ffffff&#8221; border_style=&#8221;solid&#8221; text_text_color=&#8221;#ffffff&#8221; custom_css_main_element=&#8221;margn-top: 10%;&#8221; background_position=&#8221;top_left&#8221; background_repeat=&#8221;repeat&#8221; background_size=&#8221;initial&#8221; module_alignment=&#8221;center&#8221;]<\/p>\n<p style=\"text-align: center;\"><span style=\"color: #ffffff;\"><strong>HOME<br \/> STREFA BISTO<br \/> STREFA TRUNK\u00d3W<br \/> STREFA RELAKSU<br \/> STREFA IMPREZOWA<br \/> STREFA KONTAKTU<br \/> STREFA FOTO<\/strong><\/span><\/p>\n<p>[\/et_pb_text][\/et_pb_column][et_pb_column type=&#8221;1_3&#8243;][et_pb_text global_parent=&#8221;94&#8243; background_layout=&#8221;light&#8221; text_orientation=&#8221;left&#8221; text_text_color=&#8221;#ffffff&#8221; use_border_color=&#8221;off&#8221; border_color=&#8221;#ffffff&#8221; border_style=&#8221;solid&#8221; background_position=&#8221;top_left&#8221; background_repeat=&#8221;repeat&#8221; background_size=&#8221;initial&#8221;]<\/p>\n<p>Znajduje si\u0119 tutaj strefa s\u0142onecznego relaksu z piaskiem, le\u017cakami, hamakami oraz hu\u015btaw-kami barowymi. Jest to miejsce, w kt\u00f3rym ka\u017cdy znajdzie co\u015b dla siebie a w ofercie mamy egzotyczne drinki, cydr i piwo prosto z beczki oraz aromatyczn\u0105 kaw\u0119. Gdyby kto\u015b zg\u0142odnia\u0142 mo\u017ce wybra\u0107 dania kuchni greckiej: gyros, tortill\u0119 czy sa\u0142atki \u015br\u00f3dziemnomorskie. Natomiast w weekendy serwowa\u0107 b\u0119dziemy w\u0119dzon\u0105 ryb\u0119 na ciep\u0142o, wprost z naszej w\u0119dzarni.<\/p>\n<p>[\/et_pb_text][\/et_pb_column][\/et_pb_row][\/et_pb_section]<\/p>\n","protected":false},"excerpt":{"rendered":"<p>Bucanero Karaiby na niby Buca\u00adnero Kara\u00adiby na niby to nowy projekt, kt\u00f3ry powsta\u0142 dzi\u0119ki letnim inspiracjom. Wro\u00adc\u0142aw jest tak strasz\u00adnie daleko od morza\u00a0i\u00a0s\u0142o\u00adnec\u00adznych pla\u017c, a\u00a0t\u0119sk\u00adnota do tych miejsc cza\u00adsami bar\u00addzo doskwiera, dla\u00adtego te\u017c posta\u00adno\u00adwi\u00adli\u00ad\u015bmy stwo\u00adrzy\u0107 pla\u017c\u0119 na wro\u00adc\u0142awskim Biskupi\u00adnie. Znaj\u00adduje si\u0119 tutaj strefa s\u0142o\u00adnecz\u00adnego relaksu z\u00a0pia\u00adskiem, le\u017ca\u00adkami, hama\u00adkami i hu\u015b\u00adtaw\u00adkami baro\u00adwymi. Jest to miej\u00adsce, w\u00a0kt\u00f3\u00adrym [&hellip;]<\/p>\n","protected":false},"author":1,"featured_media":0,"parent":0,"menu_order":0,"comment_status":"closed","ping_status":"open","template":"","meta":{"_et_pb_use_builder":"on","_et_pb_old_content":"","_et_gb_content_width":""},"_links":{"self":[{"href":"https:\/\/karaibynaniby.pl\/index.php\/wp-json\/wp\/v2\/pages\/2"}],"collection":[{"href":"https:\/\/karaibynaniby.pl\/index.php\/wp-json\/wp\/v2\/pages"}],"about":[{"href":"https:\/\/karaibynaniby.pl\/index.php\/wp-json\/wp\/v2\/types\/page"}],"author":[{"embeddable":true,"href":"https:\/\/karaibynaniby.pl\/index.php\/wp-json\/wp\/v2\/users\/1"}],"replies":[{"embeddable":true,"href":"https:\/\/karaibynaniby.pl\/index.php\/wp-json\/wp\/v2\/comments?post=2"}],"version-history":[{"count":31,"href":"https:\/\/karaibynaniby.pl\/index.php\/wp-json\/wp\/v2\/pages\/2\/revisions"}],"predecessor-version":[{"id":311,"href":"https:\/\/karaibynaniby.pl\/index.php\/wp-json\/wp\/v2\/pages\/2\/revisions\/311"}],"wp:attachment":[{"href":"https:\/\/karaibynaniby.pl\/index.php\/wp-json\/wp\/v2\/media?parent=2"}],"curies":[{"name":"wp","href":"https:\/\/api.w.org\/{rel}","templated":true}]}}