{"id":79,"date":"2017-04-29T12:02:23","date_gmt":"2017-04-29T10:02:23","guid":{"rendered":"https:\/\/karaibynaniby.pl\/?page_id=79"},"modified":"2019-05-30T13:00:04","modified_gmt":"2019-05-30T11:00:04","slug":"strefa-bistro","status":"publish","type":"page","link":"https:\/\/karaibynaniby.pl\/index.php\/strefa-bistro\/","title":{"rendered":"STREFA BISTRO"},"content":{"rendered":"<p>[et_pb_section fb_built=&#8221;1&#8243; fullwidth=&#8221;on&#8221; admin_label=&#8221;Sekcja&#8221; _builder_version=&#8221;3.0.47&#8243;][et_pb_fullwidth_header title=&#8221;STREFA BISTRO&#8221; text_orientation=&#8221;center&#8221; header_fullscreen=&#8221;on&#8221; header_scroll_down=&#8221;on&#8221; title_font_color=&#8221;#ffeb00&#8243; admin_label=&#8221;Nag\u0142\u00f3wek pe\u0142nej szeroko\u015bci&#8221; _builder_version=&#8221;3.14&#8243; title_font=&#8221;|on|||&#8221; title_text_color=&#8221;#ffeb00&#8243; background_color=&#8221;rgba(255,255,255,0)&#8221; background_image=&#8221;http:\/\/karaibynaniby.pl\/wp-content\/uploads\/2019\/05\/tang-fish-cakes-3866060_1920.jpg&#8221; parallax=&#8221;on&#8221; background_url=&#8221;https:\/\/karaibynaniby.pl\/wp-content\/uploads\/2017\/04\/olive-445060_1920.jpg&#8221;] [\/et_pb_fullwidth_header][\/et_pb_section][et_pb_section fb_built=&#8221;1&#8243; admin_label=&#8221;Sekcja&#8221; _builder_version=&#8221;3.0.47&#8243;][et_pb_row admin_label=&#8221;Wiersz&#8221; _builder_version=&#8221;3.0.48&#8243; background_size=&#8221;initial&#8221; background_position=&#8221;top_left&#8221; background_repeat=&#8221;repeat&#8221;][et_pb_column type=&#8221;1_2&#8243; _builder_version=&#8221;3.0.47&#8243; parallax=&#8221;off&#8221; parallax_method=&#8221;on&#8221;][et_pb_text admin_label=&#8221;Tekst&#8221; _builder_version=&#8221;3.0.87&#8243; text_font_size=&#8221;16&#8243; background_size=&#8221;initial&#8221; background_position=&#8221;top_left&#8221; background_repeat=&#8221;repeat&#8221; custom_css_main_element=&#8221;margin-top: 5%;&#8221; use_border_color=&#8221;off&#8221; border_color=&#8221;#ffffff&#8221; border_style=&#8221;solid&#8221;]Pla\u00adnu\u00adj\u0105c Buca\u00adnero Bistro d\u0142ugo zasta\u00adna\u00adwia\u00adli\u00ad\u015bmy si\u0119, jakie potrawy powinni\u015bmy ser\u00adwo\u00adwa\u0107. Ponie\u00adwa\u017c inspi\u00adra\u00adcj\u0105 by\u0142y cie\u00adp\u0142e morza \u00ad\u2013 wyb\u00f3r osta\u00adtecz\u00adnie pad\u0142 na kuch\u00adni\u0119 greck\u0105. Buca\u00adnero Bistro ser\u00adwuje zar\u00f3wno pyszny i\u00a0aro\u00adma\u00adtyczny gyros kla\u00adsyczny, gyros z\u00a0kur\u00adczaka, tor\u00adtill\u0119 czy te\u017c wy\u015bmie\u00adnite sa\u0142atki \u015br\u00f3d\u00adziem\u00adno\u00admor\u00adskie. O\u00a0sma\u00adkach d\u0142ugo mo\u017cna pisa\u0107, ale naszym zda\u00adniem naj\u00adle\u00adpiej jest po pro\u00adstu samemu spr\u00f3\u00adbo\u00adwa\u0107.. Ser\u00addecz\u00adnie zapra\u00adszamy, codzien\u00adnie od 12.00\u00a0do\u00a022.00.<br \/>\n[\/et_pb_text][\/et_pb_column][et_pb_column type=&#8221;1_2&#8243; _builder_version=&#8221;3.0.47&#8243; parallax=&#8221;off&#8221; parallax_method=&#8221;on&#8221;][et_pb_slider _builder_version=&#8221;3.14&#8243;][et_pb_slide background_color=&#8221;#ffffff&#8221; _builder_version=&#8221;3.14&#8243; background_image=&#8221;http:\/\/karaibynaniby.pl\/wp-content\/uploads\/2019\/05\/zupa-rybna.jpg&#8221; custom_css_main_element=&#8221;height:350px;&#8221;][\/et_pb_slide][et_pb_slide background_color=&#8221;#ffffff&#8221; _builder_version=&#8221;3.14&#8243; background_image=&#8221;http:\/\/karaibynaniby.pl\/wp-content\/uploads\/2019\/05\/salmon-560987_1280.jpg&#8221; custom_css_main_element=&#8221;height:350px;&#8221;][\/et_pb_slide][et_pb_slide background_color=&#8221;#ffffff&#8221; _builder_version=&#8221;3.14&#8243; background_image=&#8221;http:\/\/karaibynaniby.pl\/wp-content\/uploads\/2019\/05\/healthy-food-1348430_1920.jpg&#8221; custom_css_main_element=&#8221;height:350px;&#8221;][\/et_pb_slide][et_pb_slide background_color=&#8221;#ffffff&#8221; _builder_version=&#8221;3.14&#8243; background_image=&#8221;http:\/\/karaibynaniby.pl\/wp-content\/uploads\/2019\/05\/salmon-3674516_1920-1.jpg&#8221; custom_css_main_element=&#8221;height:350px;&#8221;][\/et_pb_slide][et_pb_slide background_color=&#8221;#ffffff&#8221; _builder_version=&#8221;3.14&#8243; background_image=&#8221;http:\/\/karaibynaniby.pl\/wp-content\/uploads\/2019\/05\/salmon-877838_1920.jpg&#8221; custom_css_main_element=&#8221;height:350px;&#8221;][\/et_pb_slide][et_pb_slide background_color=&#8221;#ffffff&#8221; _builder_version=&#8221;3.14&#8243; background_image=&#8221;http:\/\/karaibynaniby.pl\/wp-content\/uploads\/2019\/05\/salmon-1485014_1920.jpg&#8221; custom_css_main_element=&#8221;height:350px;&#8221;][\/et_pb_slide][\/et_pb_slider][\/et_pb_column][\/et_pb_row][\/et_pb_section][et_pb_section fb_built=&#8221;1&#8243; admin_label=&#8221;Sekcja&#8221; _builder_version=&#8221;3.0.47&#8243;][et_pb_row admin_label=&#8221;Wiersz&#8221; _builder_version=&#8221;3.0.48&#8243; background_size=&#8221;initial&#8221; background_position=&#8221;top_left&#8221; background_repeat=&#8221;repeat&#8221;][et_pb_column type=&#8221;4_4&#8243; _builder_version=&#8221;3.0.47&#8243; parallax=&#8221;off&#8221; parallax_method=&#8221;on&#8221;][et_pb_image src=&#8221;http:\/\/karaibynaniby.pl\/wp-content\/uploads\/2019\/05\/Backup_of_KARTA-JEDZONKO_BUCANERO_krzywe_1.jpg&#8221; show_in_lightbox=&#8221;on&#8221; align=&#8221;center&#8221; admin_label=&#8221;Obraz&#8221; _builder_version=&#8221;3.14&#8243; animation_style=&#8221;slide&#8221; animation_direction=&#8221;left&#8221; animation_duration=&#8221;500ms&#8221; animation_intensity_slide=&#8221;10%&#8221; use_border_color=&#8221;off&#8221; border_color=&#8221;#ffffff&#8221; border_style=&#8221;solid&#8221; animation=&#8221;left&#8221; sticky=&#8221;off&#8221;] [\/et_pb_image][\/et_pb_column][\/et_pb_row][\/et_pb_section][et_pb_section fb_built=&#8221;1&#8243; admin_label=&#8221;Sekcja&#8221; _builder_version=&#8221;3.0.74&#8243; background_color=&#8221;rgba(0,155,53,0.86)&#8221; transparent_background=&#8221;off&#8221; global_module=&#8221;94&#8243;][et_pb_row _builder_version=&#8221;3.0.47&#8243; background_size=&#8221;initial&#8221; background_position=&#8221;top_left&#8221; background_repeat=&#8221;repeat&#8221;][et_pb_column type=&#8221;1_3&#8243; _builder_version=&#8221;3.0.47&#8243; parallax=&#8221;off&#8221; parallax_method=&#8221;on&#8221;][et_pb_image src=&#8221;https:\/\/karaibynaniby.pl\/wp-content\/uploads\/2017\/04\/passion-fruit-daiquiri-906099_1920.jpg&#8221; align=&#8221;center&#8221; _builder_version=&#8221;3.0.87&#8243; animation_style=&#8221;slide&#8221; animation_direction=&#8221;left&#8221; animation_duration=&#8221;500ms&#8221; animation_intensity_slide=&#8221;10%&#8221; use_border_color=&#8221;off&#8221; border_color=&#8221;#ffffff&#8221; border_style=&#8221;solid&#8221; animation=&#8221;left&#8221; sticky=&#8221;off&#8221;][\/et_pb_image][\/et_pb_column][et_pb_column type=&#8221;1_3&#8243; _builder_version=&#8221;3.0.47&#8243; parallax=&#8221;off&#8221; parallax_method=&#8221;on&#8221;][et_pb_text _builder_version=&#8221;3.0.87&#8243; text_text_color=&#8221;#ffffff&#8221; header_text_color=&#8221;#ffffff&#8221; background_size=&#8221;initial&#8221; background_position=&#8221;top_left&#8221; background_repeat=&#8221;repeat&#8221; text_orientation=&#8221;center&#8221; module_alignment=&#8221;center&#8221; custom_css_main_element=&#8221;margn-top: 10%;&#8221; use_border_color=&#8221;off&#8221; border_color=&#8221;#ffffff&#8221; border_style=&#8221;solid&#8221;]<\/p>\n<p style=\"text-align: center;\"><span style=\"color: #ffffff;\"><strong>HOME<br \/> STREFA BISTO<br \/> STREFA TRUNK\u00d3W<br \/> STREFA RELAKSU<br \/> STREFA IMPREZOWA<br \/> STREFA KONTAKTU<br \/> STREFA FOTO<\/strong><\/span><\/p>\n<p>[\/et_pb_text][\/et_pb_column][et_pb_column type=&#8221;1_3&#8243; _builder_version=&#8221;3.0.47&#8243; parallax=&#8221;off&#8221; parallax_method=&#8221;on&#8221;][et_pb_text _builder_version=&#8221;3.0.87&#8243; text_text_color=&#8221;#ffffff&#8221; background_size=&#8221;initial&#8221; background_position=&#8221;top_left&#8221; background_repeat=&#8221;repeat&#8221; use_border_color=&#8221;off&#8221; border_color=&#8221;#ffffff&#8221; border_style=&#8221;solid&#8221;]<\/p>\n<p>Znajduje si\u0119 tutaj strefa s\u0142onecznego relaksu z piaskiem, le\u017cakami, hamakami oraz hu\u015btaw-kami barowymi. Jest to miejsce, w kt\u00f3rym ka\u017cdy znajdzie co\u015b dla siebie a w ofercie mamy egzotyczne drinki, cydr i piwo prosto z beczki oraz aromatyczn\u0105 kaw\u0119. Gdyby kto\u015b zg\u0142odnia\u0142 mo\u017ce wybra\u0107 dania kuchni greckiej: gyros, tortill\u0119 czy sa\u0142atki \u015br\u00f3dziemnomorskie. Natomiast w weekendy serwowa\u0107 b\u0119dziemy w\u0119dzon\u0105 ryb\u0119 na ciep\u0142o, wprost z naszej w\u0119dzarni.<\/p>\n<p>[\/et_pb_text][\/et_pb_column][\/et_pb_row][\/et_pb_section]<\/p>\n","protected":false},"excerpt":{"rendered":"<p>Pla\u00adnu\u00adj\u0105c Buca\u00adnero Bistro d\u0142ugo zasta\u00adna\u00adwia\u00adli\u00ad\u015bmy si\u0119, jakie potrawy powinni\u015bmy ser\u00adwo\u00adwa\u0107. Ponie\u00adwa\u017c inspi\u00adra\u00adcj\u0105 by\u0142y cie\u00adp\u0142e morza \u00ad\u2013 wyb\u00f3r osta\u00adtecz\u00adnie pad\u0142 na kuch\u00adni\u0119 greck\u0105. Buca\u00adnero Bistro ser\u00adwuje zar\u00f3wno pyszny i\u00a0aro\u00adma\u00adtyczny gyros kla\u00adsyczny, gyros z\u00a0kur\u00adczaka, tor\u00adtill\u0119 czy te\u017c wy\u015bmie\u00adnite sa\u0142atki \u015br\u00f3d\u00adziem\u00adno\u00admor\u00adskie. O\u00a0sma\u00adkach d\u0142ugo mo\u017cna pisa\u0107, ale naszym zda\u00adniem naj\u00adle\u00adpiej jest po pro\u00adstu samemu spr\u00f3\u00adbo\u00adwa\u0107.. Ser\u00addecz\u00adnie zapra\u00adszamy, codzien\u00adnie od [&hellip;]<\/p>\n","protected":false},"author":1,"featured_media":0,"parent":0,"menu_order":0,"comment_status":"closed","ping_status":"closed","template":"","meta":{"_et_pb_use_builder":"on","_et_pb_old_content":"","_et_gb_content_width":""},"_links":{"self":[{"href":"https:\/\/karaibynaniby.pl\/index.php\/wp-json\/wp\/v2\/pages\/79"}],"collection":[{"href":"https:\/\/karaibynaniby.pl\/index.php\/wp-json\/wp\/v2\/pages"}],"about":[{"href":"https:\/\/karaibynaniby.pl\/index.php\/wp-json\/wp\/v2\/types\/page"}],"author":[{"embeddable":true,"href":"https:\/\/karaibynaniby.pl\/index.php\/wp-json\/wp\/v2\/users\/1"}],"replies":[{"embeddable":true,"href":"https:\/\/karaibynaniby.pl\/index.php\/wp-json\/wp\/v2\/comments?post=79"}],"version-history":[{"count":15,"href":"https:\/\/karaibynaniby.pl\/index.php\/wp-json\/wp\/v2\/pages\/79\/revisions"}],"predecessor-version":[{"id":320,"href":"https:\/\/karaibynaniby.pl\/index.php\/wp-json\/wp\/v2\/pages\/79\/revisions\/320"}],"wp:attachment":[{"href":"https:\/\/karaibynaniby.pl\/index.php\/wp-json\/wp\/v2\/media?parent=79"}],"curies":[{"name":"wp","href":"https:\/\/api.w.org\/{rel}","templated":true}]}}