{"id":98,"date":"2017-04-29T12:17:10","date_gmt":"2017-04-29T10:17:10","guid":{"rendered":"https:\/\/karaibynaniby.pl\/?page_id=98"},"modified":"2019-05-28T13:32:45","modified_gmt":"2019-05-28T11:32:45","slug":"strefa-trunkow","status":"publish","type":"page","link":"https:\/\/karaibynaniby.pl\/index.php\/strefa-trunkow\/","title":{"rendered":"STREFA TRUNK\u00d3W"},"content":{"rendered":"<p>[et_pb_section fb_built=&#8221;1&#8243; fullwidth=&#8221;on&#8221; admin_label=&#8221;Sekcja&#8221; _builder_version=&#8221;3.0.47&#8243;][et_pb_fullwidth_header title=&#8221;STREFA TRUNK\u00d3W&#8221; text_orientation=&#8221;center&#8221; header_fullscreen=&#8221;on&#8221; header_scroll_down=&#8221;on&#8221; title_font_color=&#8221;#ffeb00&#8243; admin_label=&#8221;Nag\u0142\u00f3wek pe\u0142nej szeroko\u015bci&#8221; _builder_version=&#8221;3.2&#8243; title_font=&#8221;|on|||&#8221; title_text_color=&#8221;#ffeb00&#8243; background_color=&#8221;rgba(255, 255, 255, 0)&#8221; background_image=&#8221;https:\/\/karaibynaniby.pl\/wp-content\/uploads\/2017\/04\/beach-84533_1920.jpg&#8221; background_layout=&#8221;light&#8221; background_url=&#8221;https:\/\/karaibynaniby.pl\/wp-content\/uploads\/2017\/04\/beach-84533_1920.jpg&#8221;] [\/et_pb_fullwidth_header][\/et_pb_section][et_pb_section fb_built=&#8221;1&#8243; admin_label=&#8221;Sekcja&#8221; _builder_version=&#8221;3.0.47&#8243;][et_pb_row admin_label=&#8221;Wiersz&#8221; _builder_version=&#8221;3.0.48&#8243; background_size=&#8221;initial&#8221; background_position=&#8221;top_left&#8221; background_repeat=&#8221;repeat&#8221;][et_pb_column type=&#8221;1_2&#8243; _builder_version=&#8221;3.0.47&#8243; parallax=&#8221;off&#8221; parallax_method=&#8221;on&#8221;][et_pb_text admin_label=&#8221;Tekst&#8221; _builder_version=&#8221;3.0.87&#8243; text_font_size=&#8221;30&#8243; background_size=&#8221;initial&#8221; background_position=&#8221;top_left&#8221; background_repeat=&#8221;repeat&#8221; custom_css_main_element=&#8221;MARGIN-TOP: 20%;&#8221; use_border_color=&#8221;off&#8221; border_color=&#8221;#ffffff&#8221; border_style=&#8221;solid&#8221;]Na ka\u017c\u00addej pla\u017cy musi by\u0107 bar, w\u00a0kt\u00f3\u00adrym ser\u00adwuje si\u0119 ch\u0142odne i\u00a0wyborne drinki. Tak b\u0119dzie i\u00a0na naszej pla\u017cy. Pro\u00adpo\u00adnu\u00adjemy sze\u00adrok\u0105 gam\u0119 \u201etro\u00adpi\u00adkali\u201d, cydr z\u00a0beczki i\u00a0oczy\u00adwi\u00ad\u015bcie zna\u00adko\u00admite, oszro\u00adnione piwo. Nie zabrak\u00adnie tak\u017ce \u015bwie\u017co wyci\u00adska\u00adnych sok\u00f3w, lemo\u00adniad czy kaw.<br \/>\n[\/et_pb_text][\/et_pb_column][et_pb_column type=&#8221;1_2&#8243; _builder_version=&#8221;3.0.47&#8243; parallax=&#8221;off&#8221; parallax_method=&#8221;on&#8221;][et_pb_gallery gallery_ids=&#8221;99,100,101,102,103,104,105,74,65&#8243; fullwidth=&#8221;on&#8221; admin_label=&#8221;Galeria&#8221; _builder_version=&#8221;3.0.87&#8243; background_layout=&#8221;dark&#8221; auto=&#8221;on&#8221; auto_speed=&#8221;5000&#8243; use_border_color=&#8221;off&#8221; border_color=&#8221;#ffffff&#8221; border_style=&#8221;solid&#8221;] [\/et_pb_gallery][\/et_pb_column][\/et_pb_row][\/et_pb_section][et_pb_section fb_built=&#8221;1&#8243; admin_label=&#8221;Sekcja&#8221; _builder_version=&#8221;3.0.47&#8243;][et_pb_row admin_label=&#8221;Wiersz&#8221; _builder_version=&#8221;3.0.48&#8243; background_size=&#8221;initial&#8221; background_position=&#8221;top_left&#8221; background_repeat=&#8221;repeat&#8221;][et_pb_column type=&#8221;4_4&#8243; _builder_version=&#8221;3.0.47&#8243; parallax=&#8221;off&#8221; parallax_method=&#8221;on&#8221;][et_pb_image src=&#8221;http:\/\/karaibynaniby.pl\/wp-content\/uploads\/2019\/05\/Backup_of_KARTA-DRINK\u00d3W_BUCANERO_krzywe_negatyw_1.jpg&#8221; show_in_lightbox=&#8221;on&#8221; align=&#8221;center&#8221; admin_label=&#8221;Obraz&#8221; _builder_version=&#8221;3.14&#8243; animation_style=&#8221;slide&#8221; animation_direction=&#8221;left&#8221; animation_duration=&#8221;500ms&#8221; animation_intensity_slide=&#8221;10%&#8221; use_border_color=&#8221;off&#8221; border_color=&#8221;#ffffff&#8221; border_style=&#8221;solid&#8221; animation=&#8221;left&#8221; sticky=&#8221;off&#8221;] [\/et_pb_image][\/et_pb_column][\/et_pb_row][\/et_pb_section][et_pb_section fb_built=&#8221;1&#8243; admin_label=&#8221;Sekcja&#8221; _builder_version=&#8221;3.0.74&#8243; background_color=&#8221;rgba(0,155,53,0.86)&#8221; transparent_background=&#8221;off&#8221; global_module=&#8221;94&#8243;][et_pb_row admin_label=&#8221;Wiersz&#8221; _builder_version=&#8221;3.0.48&#8243; background_size=&#8221;initial&#8221; background_position=&#8221;top_left&#8221; background_repeat=&#8221;repeat&#8221;][et_pb_column type=&#8221;1_3&#8243; _builder_version=&#8221;3.0.47&#8243; parallax=&#8221;off&#8221; parallax_method=&#8221;on&#8221;][et_pb_image src=&#8221;https:\/\/karaibynaniby.pl\/wp-content\/uploads\/2017\/04\/passion-fruit-daiquiri-906099_1920.jpg&#8221; align=&#8221;center&#8221; admin_label=&#8221;Obraz&#8221; _builder_version=&#8221;3.0.87&#8243; animation_style=&#8221;slide&#8221; animation_direction=&#8221;left&#8221; animation_duration=&#8221;500ms&#8221; animation_intensity_slide=&#8221;10%&#8221; use_border_color=&#8221;off&#8221; border_color=&#8221;#ffffff&#8221; border_style=&#8221;solid&#8221; animation=&#8221;left&#8221; sticky=&#8221;off&#8221;][\/et_pb_image][\/et_pb_column][et_pb_column type=&#8221;1_3&#8243; _builder_version=&#8221;3.0.47&#8243; parallax=&#8221;off&#8221; parallax_method=&#8221;on&#8221;][et_pb_text admin_label=&#8221;Tekst&#8221; _builder_version=&#8221;3.0.87&#8243; text_text_color=&#8221;#ffffff&#8221; header_text_color=&#8221;#ffffff&#8221; background_size=&#8221;initial&#8221; background_position=&#8221;top_left&#8221; background_repeat=&#8221;repeat&#8221; text_orientation=&#8221;center&#8221; module_alignment=&#8221;center&#8221; custom_css_main_element=&#8221;margn-top: 10%;&#8221; use_border_color=&#8221;off&#8221; border_color=&#8221;#ffffff&#8221; border_style=&#8221;solid&#8221;]<\/p>\n<p style=\"text-align: center;\"><span style=\"color: #ffffff;\"><strong>HOME<br \/> STREFA BISTO<br \/> STREFA TRUNK\u00d3W<br \/> STREFA RELAKSU<br \/> STREFA IMPREZOWA<br \/> STREFA KONTAKTU<br \/> STREFA FOTO<\/strong><\/span><\/p>\n<p>[\/et_pb_text][\/et_pb_column][et_pb_column type=&#8221;1_3&#8243; _builder_version=&#8221;3.0.47&#8243; parallax=&#8221;off&#8221; parallax_method=&#8221;on&#8221;][et_pb_text admin_label=&#8221;Tekst&#8221; _builder_version=&#8221;3.0.87&#8243; text_text_color=&#8221;#ffffff&#8221; background_size=&#8221;initial&#8221; background_position=&#8221;top_left&#8221; background_repeat=&#8221;repeat&#8221; use_border_color=&#8221;off&#8221; border_color=&#8221;#ffffff&#8221; border_style=&#8221;solid&#8221;]<\/p>\n<p>Znajduje si\u0119 tutaj strefa s\u0142onecznego relaksu z piaskiem, le\u017cakami, hamakami oraz hu\u015btaw-kami barowymi. Jest to miejsce, w kt\u00f3rym ka\u017cdy znajdzie co\u015b dla siebie a w ofercie mamy egzotyczne drinki, cydr i piwo prosto z beczki oraz aromatyczn\u0105 kaw\u0119. Gdyby kto\u015b zg\u0142odnia\u0142 mo\u017ce wybra\u0107 dania kuchni greckiej: gyros, tortill\u0119 czy sa\u0142atki \u015br\u00f3dziemnomorskie. Natomiast w weekendy serwowa\u0107 b\u0119dziemy w\u0119dzon\u0105 ryb\u0119 na ciep\u0142o, wprost z naszej w\u0119dzarni.<\/p>\n<p>[\/et_pb_text][\/et_pb_column][\/et_pb_row][\/et_pb_section]<\/p>\n","protected":false},"excerpt":{"rendered":"<p>Na ka\u017c\u00addej pla\u017cy musi by\u0107 bar, w\u00a0kt\u00f3\u00adrym ser\u00adwuje si\u0119 ch\u0142odne i\u00a0wyborne drinki. Tak b\u0119dzie i\u00a0na naszej pla\u017cy. Pro\u00adpo\u00adnu\u00adjemy sze\u00adrok\u0105 gam\u0119 \u201etro\u00adpi\u00adkali\u201d, cydr z\u00a0beczki i\u00a0oczy\u00adwi\u00ad\u015bcie zna\u00adko\u00admite, oszro\u00adnione piwo. Nie zabrak\u00adnie tak\u017ce \u015bwie\u017co wyci\u00adska\u00adnych sok\u00f3w, lemo\u00adniad czy kaw. HOME STREFA BISTO STREFA TRUNK\u00d3W STREFA RELAKSU STREFA IMPREZOWA STREFA KONTAKTU STREFA FOTOZnajduje si\u0119 tutaj strefa s\u0142onecznego relaksu z [&hellip;]<\/p>\n","protected":false},"author":1,"featured_media":0,"parent":0,"menu_order":0,"comment_status":"closed","ping_status":"closed","template":"","meta":{"_et_pb_use_builder":"on","_et_pb_old_content":"","_et_gb_content_width":""},"_links":{"self":[{"href":"https:\/\/karaibynaniby.pl\/index.php\/wp-json\/wp\/v2\/pages\/98"}],"collection":[{"href":"https:\/\/karaibynaniby.pl\/index.php\/wp-json\/wp\/v2\/pages"}],"about":[{"href":"https:\/\/karaibynaniby.pl\/index.php\/wp-json\/wp\/v2\/types\/page"}],"author":[{"embeddable":true,"href":"https:\/\/karaibynaniby.pl\/index.php\/wp-json\/wp\/v2\/users\/1"}],"replies":[{"embeddable":true,"href":"https:\/\/karaibynaniby.pl\/index.php\/wp-json\/wp\/v2\/comments?post=98"}],"version-history":[{"count":11,"href":"https:\/\/karaibynaniby.pl\/index.php\/wp-json\/wp\/v2\/pages\/98\/revisions"}],"predecessor-version":[{"id":270,"href":"https:\/\/karaibynaniby.pl\/index.php\/wp-json\/wp\/v2\/pages\/98\/revisions\/270"}],"wp:attachment":[{"href":"https:\/\/karaibynaniby.pl\/index.php\/wp-json\/wp\/v2\/media?parent=98"}],"curies":[{"name":"wp","href":"https:\/\/api.w.org\/{rel}","templated":true}]}}